{"id":5730,"date":"2018-10-22T13:46:13","date_gmt":"2018-10-22T13:46:13","guid":{"rendered":"https:\/\/www.ekko-wp.com\/?page_id=5730"},"modified":"2021-12-16T09:46:45","modified_gmt":"2021-12-16T09:46:45","slug":"irontrap","status":"publish","type":"page","link":"https:\/\/iron-trap.com\/en\/irontrap\/","title":{"rendered":"IRONTRAP"},"content":{"rendered":"<div data-vc-full-width=\"true\" data-vc-full-width-init=\"false\" data-vc-stretch-content=\"true\" class=\"vc_row wpb_row vc_row-fluid overflow-fix vc_custom_1639647723880 vc_row-has-fill vc_row-has-padding-top vc_row-has-padding-bottom vc_row-bg-position-center\"><div class=\"wpb_column vc_column_container vc_col-sm-12\"><div class=\"vc_column-inner   vc_custom_1598609688950 vc_custom_1598609688951\"><div class=\"wpb_wrapper\"><div class=\"vc_row wpb_row vc_inner vc_row-fluid vc_custom_1639647958584 vc_custom_1639647958585 vc_row-has-fill vc_row-has-padding-top vc_row-has-padding-bottom vc_row-fixed-bg vc_row-bg-position-top vc_inner_row-contained\"><div class=\"container\"><div class=\"wpb_column vc_column_container vc_col-sm-3 vc_col-lg-3 vc_col-md-6 vc_col-xs-12\"><div class=\"vc_column-inner vc_custom_1598612879768  vc_custom_1598612879769 vc_custom_1598612879770\"><div class=\"wpb_wrapper\"><div class=\"key-icon-box icon-default icon-top cont-left ib-no-effect       kd-animated fadeInUp\" style=\"background-color: transparent;margin-top:-210px;\" data-animation-delay=\"200\"><div class=\"fullwidth-image\"><div class=\"tt-iconbox-customimg\"><img loading=\"lazy\" decoding=\"async\" width=\"499\" height=\"500\" src=\"https:\/\/i0.wp.com\/iron-trap.com\/wp-content\/uploads\/2021\/11\/irontraplogolu-removebg-preview.png?fit=499%2C500&amp;ssl=1\" class=\"attachment-full\" alt=\"\" srcset=\"https:\/\/i0.wp.com\/iron-trap.com\/wp-content\/uploads\/2021\/11\/irontraplogolu-removebg-preview.png?w=499&amp;ssl=1 499w, https:\/\/i0.wp.com\/iron-trap.com\/wp-content\/uploads\/2021\/11\/irontraplogolu-removebg-preview.png?resize=300%2C300&amp;ssl=1 300w, https:\/\/i0.wp.com\/iron-trap.com\/wp-content\/uploads\/2021\/11\/irontraplogolu-removebg-preview.png?resize=150%2C150&amp;ssl=1 150w, https:\/\/i0.wp.com\/iron-trap.com\/wp-content\/uploads\/2021\/11\/irontraplogolu-removebg-preview.png?resize=12%2C12&amp;ssl=1 12w, https:\/\/i0.wp.com\/iron-trap.com\/wp-content\/uploads\/2021\/11\/irontraplogolu-removebg-preview.png?resize=320%2C320&amp;ssl=1 320w\" sizes=\"auto, (max-width: 499px) 100vw, 499px\" \/><\/div><\/div><\/div><\/div><\/div><\/div><div class=\"wpb_column vc_column_container vc_col-sm-3 vc_col-lg-3 vc_col-md-6 vc_col-xs-12\"><div class=\"vc_column-inner vc_custom_1598612823705  vc_custom_1598612823706 vc_custom_1598612823707\"><div class=\"wpb_wrapper\"><div class=\"key-icon-box icon-default icon-top cont-left ib-no-effect       kd-animated fadeInDown\" style=\"background-color: transparent;margin-top:-150px;margin-bottom:50px;\" data-animation-delay=\"200\"><div class=\"fullwidth-image\"><div class=\"tt-iconbox-customimg\"><img loading=\"lazy\" decoding=\"async\" width=\"222\" height=\"239\" src=\"https:\/\/i0.wp.com\/iron-trap.com\/wp-content\/uploads\/2021\/11\/manyetik_filtre_miknatis-removebg-preview.png?fit=222%2C239&amp;ssl=1\" class=\"attachment-full\" alt=\"\" srcset=\"https:\/\/i0.wp.com\/iron-trap.com\/wp-content\/uploads\/2021\/11\/manyetik_filtre_miknatis-removebg-preview.png?w=222&amp;ssl=1 222w, https:\/\/i0.wp.com\/iron-trap.com\/wp-content\/uploads\/2021\/11\/manyetik_filtre_miknatis-removebg-preview.png?resize=11%2C12&amp;ssl=1 11w\" sizes=\"auto, (max-width: 222px) 100vw, 222px\" \/><\/div><\/div><\/div><div class=\"key-icon-box icon-default icon-top cont-left ib-no-effect       kd-animated fadeInUp\" style=\"background-color: transparent;margin-top:-50px;\" data-animation-delay=\"200\"><div class=\"fullwidth-image\"><div class=\"tt-iconbox-customimg\"><img loading=\"lazy\" decoding=\"async\" width=\"206\" height=\"225\" src=\"https:\/\/i0.wp.com\/iron-trap.com\/wp-content\/uploads\/2021\/11\/manyetik_filtre_kovan-removebg-preview.png?fit=206%2C225&amp;ssl=1\" class=\"attachment-full\" alt=\"\" srcset=\"https:\/\/i0.wp.com\/iron-trap.com\/wp-content\/uploads\/2021\/11\/manyetik_filtre_kovan-removebg-preview.png?w=206&amp;ssl=1 206w, https:\/\/i0.wp.com\/iron-trap.com\/wp-content\/uploads\/2021\/11\/manyetik_filtre_kovan-removebg-preview.png?resize=11%2C12&amp;ssl=1 11w\" sizes=\"auto, (max-width: 206px) 100vw, 206px\" \/><\/div><\/div><\/div><\/div><\/div><\/div><div class=\"wpb_column vc_column_container vc_col-sm-6 vc_col-lg-6 vc_col-md-12 vc_col-xs-12\"><div class=\"vc_column-inner vc_custom_1598631117964 vc_custom_1598631117965 vc_custom_1598631117965 vc_custom_1598631117966\"><div class=\"wpb_wrapper\"><header class=\"kd-section-title col-lg-12 text-left  subtitle-below-title kd-animated fadeIn   vc_custom_1636986184736\" data-animation-delay=\"200\"><h2 class=\"separator_off\" style=\"margin-bottom:30px;\">IRONTRAP\u00ae Manyetik Filtre<\/h2><h6 class=\"subtitle\" >IronTrap manyetik filtreler demir tozunu g\u00fc\u00e7l\u00fc neodyum m\u0131knat\u0131s \u00e7ubuklar\u0131 ile sistemden ay\u0131r\u0131r.<br \/>\n\u0131s\u0131tma-so\u011futma sistemini, demir tozlar\u0131na kar\u015f\u0131 korur ve sistemin \u00f6mr\u00fcn\u00fc uzat\u0131r.<\/h6><\/header><a  href=\"#\"  target=\"_self\"  title=\"\" class=\"tt_button tt_primary_button btn_primary_color  btn-align-left button-action-link icon_right  kd-animated zoomIn\" data-animation-delay=\"200\"><span class=\"prim_text\">Datasheet<\/span><span class=\"fas fa-chevron-right iconita\" ><\/span><\/a><\/div><\/div><\/div><\/div><\/div><\/div><\/div><\/div><\/div><div class=\"vc_row-full-width vc_clearfix\"><\/div><div class=\"vc_row wpb_row vc_row-fluid vc_custom_1635680598431 vc_row-bg-position-top\"><div class=\"wpb_column vc_column_container vc_col-sm-12\"><div class=\"vc_column-inner\"><div class=\"wpb_wrapper\"><div class=\"feature-sections-wrapper navigation-icons kd-fsp-69f3a0f97f5db\">\r\n            <div class=\"feature-sections-tabs\">\r\n              <nav class=\"kd-feature-tabs\">\r\n                <ul class=\"nav nav-tabs sticky-tabs container\">\r\n                <\/ul>\r\n              <\/nav>\r\n            <\/div>\r\n            <section id=\"Documents\" class=\"featured-right\"><li class=\"nav-label\"><a class=\"feature-tabs-scroll\" href=\"#Documents\"><span class=\"nav-number\"><\/span><span class=\"nav-custom-icon\" style=\"width: 35px;\"><img loading=\"lazy\" decoding=\"async\" width=\"196\" height=\"258\" src=\"https:\/\/i0.wp.com\/iron-trap.com\/wp-content\/uploads\/2021\/10\/ON-GORUNUS.png?fit=196%2C258&amp;ssl=1\" class=\"attachment-full\" alt=\"\" \/><\/span>IRONTRAP\u00ae<\/a><\/li><div class=\"container\">\r\n                <div class=\"side-content-wrapper kd-animated fadeInLeft\" data-animation-delay=\"200\"><h2 class=\"side-content-title\" style=\"color: #0a0a0a;\"><u>IRONTRAP\u00ae<\/u><\/h2><h6 class=\"side-content-subtitle\" style=\"color: #000000;\">IronTrap manyetik filtreler demir tozunu g\u00fc\u00e7l\u00fc neodyum m\u0131knat\u0131s \u00e7ubuklar\u0131 ile sistemden ay\u0131r\u0131r.<br \/>\n\u0131s\u0131tma-so\u011futma sistemini, demir tozlar\u0131na kar\u015f\u0131 korur ve sistemin \u00f6mr\u00fcn\u00fc uzat\u0131r.<\/h6><div class=\"side-content-text\" style=\"color: #000000;\"><\/p>\n<h6 class=\"h1\" style=\"color: black;\">\u2705\u00a0T\u00fcm Is\u0131tma-So\u011futma Sistemleri ile Uyumludur.<\/h6>\n<h6 class=\"h1\" style=\"color: black;\">\u2705\u00a0 Erken Ar\u0131za ve Y\u00fcksek Bak\u0131m Maliyetini Azalt\u0131r.<\/h6>\n<h6 class=\"h1\" style=\"color: black;\">\u2705\u00a0 Sistem Ekipmanlar\u0131n\u0131n Kullan\u0131m \u00d6mr\u00fcn\u00fc Uzat\u0131r.<\/h6>\n<h6 class=\"h1\" style=\"color: black;\">\u2705\u00a0 Sistem Veriminin Geri Kazan\u0131lmas\u0131na Yard\u0131mc\u0131 Olur.<\/h6>\n<h6 class=\"h1\" style=\"color: black;\">\u2705\u00a0 Kurulumu ve Bak\u0131m\u0131 Kolayd\u0131r.<\/h6>\n<p><\/div><div class=\"side-content-link sc-primary-btn\"><a href=\"https:\/\/4b3.195.myftpupload.com\/irontrap\/#Create-Event\" target=\"_self\" title=\"IRONTRAP\u00ae Bro\u015f\u00fcr\" class=\"tt_button tt_primary_button btn_primary_color button-action-link\">IRONTRAP\u00ae Bro\u015f\u00fcr<\/a><\/div><\/div><script type=\"text\/javascript\">\r\n      jQuery(document).ready(function($){\r\n        if ($(\".kd-featured-gallery-69f3a0f97fd16 .featured-gallery\").length) {\r\n          $(\".kd-featured-gallery-69f3a0f97fd16 .featured-gallery\").owlCarousel({\r\n            stageClass: \"owl-wrapper\",\r\n            stageOuterClass: \"owl-wrapper-outer\",\r\n            loadedClass: \"owl-carousel\",\r\n            items: 1,\r\n            rewind: true,\r\n            dots: true,\r\n            nav: false,\r\n            dotsSpeed: 500,\r\n            addClassActive: true,\r\n          });\r\n        }\r\n      });\r\n    <\/script><div class=\"side-featured-wrapper kd-featured-gallery-69f3a0f97fd16 kd-animated fadeInRight kd-animated fadeInRight\" data-animation-delay=\"200\">\r\n      <div class=\"featured-gallery\"><img loading=\"lazy\" decoding=\"async\" width=\"559\" height=\"447\" src=\"https:\/\/i0.wp.com\/iron-trap.com\/wp-content\/uploads\/2021\/11\/irontrapgorsel.png?fit=559%2C447&amp;ssl=1\" class=\"ffs-gallery-img attachment-full\" alt=\"\" srcset=\"https:\/\/i0.wp.com\/iron-trap.com\/wp-content\/uploads\/2021\/11\/irontrapgorsel.png?w=559&amp;ssl=1 559w, https:\/\/i0.wp.com\/iron-trap.com\/wp-content\/uploads\/2021\/11\/irontrapgorsel.png?resize=300%2C240&amp;ssl=1 300w, https:\/\/i0.wp.com\/iron-trap.com\/wp-content\/uploads\/2021\/11\/irontrapgorsel.png?resize=15%2C12&amp;ssl=1 15w\" sizes=\"auto, (max-width: 559px) 100vw, 559px\" \/><\/div>\r\n    <\/div><\/div>\r\n            <\/section><section id=\"Create-Event\" class=\"featured-left\"><li class=\"nav-label\"><a class=\"feature-tabs-scroll\" href=\"#Create-Event\"><span class=\"nav-number\"><\/span><i class=\"iconsmind-File-ClipboardFileText iconsmind-Files-Class fss-nav-icon\" style=\" color: #000000;\"><\/i> Teknik \u00d6zellikler<\/a><\/li><div class=\"container\">\r\n                <div class=\"side-content-wrapper kd-animated fadeInRight\" data-animation-delay=\"200\"><h2 class=\"side-content-title\" style=\"color: #000000;\"><u>Teknik \u00d6zellikler<\/u><\/h2><h6 class=\"side-content-subtitle\" style=\"color: #000000;\">IRONTRAP\u00ae G\u00fc\u00e7l\u00fc Performansl\u0131 Manyetik Filtreleri, Kal\u0131c\u0131 Koruma Sa\u011flamak i\u00e7in Tasarlanm\u0131\u015ft\u0131r. Efektif Dizayn Edilmi\u015f Manyetik \u00c7ubuklar, Ak\u0131\u015fkan \u0130\u00e7erisindeki Demir Tozlar\u0131n\u0131 Tutarak Sistemden Uzakla\u015ft\u0131r\u0131r.<\/h6><div class=\"side-content-text\" style=\"color: #000000;\"><strong>Maksimum \u00c7al\u0131\u015fma Bas\u0131nc\u0131:<\/strong> 10 BAR<\/p>\n<p><strong>\u00c7al\u0131\u015fma S\u0131cakl\u0131\u011f\u0131:<\/strong> 3-100\u00b0C<\/p>\n<p><strong>G\u00d6VDE \u00d6zellikleri<\/strong><br \/>\n<strong>Malzeme:\u00a0<\/strong> TS EN 10219<br \/>\n<strong>Drenaj<\/strong>: 1&#8243; K\u00fcresel Vana TSEN 13547<br \/>\n<strong>Vakum Vanas\u0131:<\/strong> 1\/2&#8243; K\u00fcresel Vana TSEN 13547<br \/>\n<strong>Hava Pr\u00fcj\u00f6r:<\/strong> Otomatik hava atma pruj\u00f6r 1\/2&#8243; TS 7817 110\u00b0C PN10<\/p>\n<p><strong>CONTA<\/strong><br \/>\n<strong>Kapak Contas\u0131:<\/strong> EPDM<br \/>\n<strong>MIKNATIS<\/strong><\/p>\n<p><strong>M\u0131knatis Y\u00fczey \u00c7ekme G\u00fcc\u00fc:<\/strong> 9500 &#8211; 10500 gauss<br \/>\n<strong>M\u0131knat\u0131s Ta\u015f\u0131ma Flan\u015f\u0131:<\/strong> AISI 304 Paslanmaz \u00c7elik<br \/>\n<strong>Temizleme Kapa\u011f\u0131:<\/strong> AISI 304 Paslanmaz \u00c7elik<br \/>\n<strong>Malzeme:<\/strong> Y\u00fcksek performansl\u0131 NeFeB<br \/>\n<strong>K\u0131l\u0131f:<\/strong> AISI 304 Paslanmaz \u00c7elik<br \/>\n<strong>SEPERAT\u00d6R F\u0130LTRE<\/strong><br \/>\n<strong>Malzeme:<\/strong> AISI 304 Paslanmaz \u00c7elik<br \/>\n<strong>G\u00f6zenek B\u00fcy\u00fckl\u00fc\u011f\u00fc:<\/strong> 1000 mikron<br \/>\n<strong>BA\u011eLANTI FLAN\u015eI<\/strong><br \/>\n<strong>Malzeme:<\/strong> TS EN 1092-1<br \/>\n<strong>Bas\u0131n\u00e7 S\u0131n\u0131f\u0131:<\/strong> PN16<\/div><div class=\"side-content-link sc-primary-btn\"><a href=\"https:\/\/www.swaytheme.com\/pages\/pricing-simple\/\" target=\"_self\" title=\"Datasheet \ud83e\udc7a\" class=\"tt_button tt_primary_button btn_primary_color button-action-link\">Datasheet \ud83e\udc7a<\/a><\/div><\/div><script type=\"text\/javascript\">\r\n      jQuery(document).ready(function($){\r\n        if ($(\".kd-featured-gallery-69f3a0f98013e .featured-gallery\").length) {\r\n          $(\".kd-featured-gallery-69f3a0f98013e .featured-gallery\").owlCarousel({\r\n            stageClass: \"owl-wrapper\",\r\n            stageOuterClass: \"owl-wrapper-outer\",\r\n            loadedClass: \"owl-carousel\",\r\n            items: 1,\r\n            rewind: true,\r\n            dots: true,\r\n            nav: false,\r\n            dotsSpeed: 500,\r\n            addClassActive: true,\r\n          });\r\n        }\r\n      });\r\n    <\/script><div class=\"side-featured-wrapper kd-featured-gallery-69f3a0f98013e kd-animated fadeInLeft kd-animated fadeInLeft\" data-animation-delay=\"200\">\r\n      <div class=\"featured-gallery\"><img loading=\"lazy\" decoding=\"async\" width=\"1047\" height=\"743\" src=\"https:\/\/i0.wp.com\/iron-trap.com\/wp-content\/uploads\/2021\/10\/teknikkk.png?fit=1047%2C743&amp;ssl=1\" class=\"ffs-gallery-img attachment-full\" alt=\"\" srcset=\"https:\/\/i0.wp.com\/iron-trap.com\/wp-content\/uploads\/2021\/10\/teknikkk.png?w=1047&amp;ssl=1 1047w, https:\/\/i0.wp.com\/iron-trap.com\/wp-content\/uploads\/2021\/10\/teknikkk.png?resize=300%2C213&amp;ssl=1 300w, https:\/\/i0.wp.com\/iron-trap.com\/wp-content\/uploads\/2021\/10\/teknikkk.png?resize=1024%2C727&amp;ssl=1 1024w, https:\/\/i0.wp.com\/iron-trap.com\/wp-content\/uploads\/2021\/10\/teknikkk.png?resize=768%2C545&amp;ssl=1 768w, https:\/\/i0.wp.com\/iron-trap.com\/wp-content\/uploads\/2021\/10\/teknikkk.png?resize=800%2C568&amp;ssl=1 800w\" sizes=\"auto, (max-width: 1000px) 100vw, 1000px\" \/><\/div>\r\n    <\/div><\/div>\r\n            <\/section><section id=\"Meetings\" class=\"featured-right\"><li class=\"nav-label\"><a class=\"feature-tabs-scroll\" href=\"#Meetings\"><span class=\"nav-number\"><\/span><i class=\"iconsmind-Hotel iconsmind-Buildings-Landmarks fss-nav-icon\" style=\" color: #000000;\"><\/i> Kullan\u0131m Alanlar\u0131<\/a><\/li><div class=\"container\">\r\n                <div class=\"side-content-wrapper kd-animated fadeInLeft\" data-animation-delay=\"200\"><h2 class=\"side-content-title\" style=\"color: #000000;\"><u>Kullan\u0131m Alanlar\u0131<\/u><\/h2><h6 class=\"side-content-subtitle\" style=\"color: #000000;\">Demir tozu ve manyetit sadece konut sistemlerinin sorunu de\u011fildir. End\u00fcstriyel uygulamalarda sistemin temizlenmesi ve korunmas\u0131 i\u00e7in gerekli bir \u00fcr\u00fcnd\u00fcr. IRONTRAP\u00ae \u00fcr\u00fcnleri, \u0131s\u0131tma so\u011futma sistemlerindeki \ud835\ude01\ud835\ude02\u0308\ud835\uddfa \ud835\ude02\ud835\ude06\ud835\uddf4\ud835\ude02\ud835\uddf9\ud835\uddee\ud835\uddfa\ud835\uddee\ud835\uddf9\ud835\uddee\ud835\uddff\ud835\uddf1\ud835\uddee kullan\u0131labilir.<\/h6><div class=\"side-content-text\" style=\"color: #000000;\"><\/p>\n<h6 class=\"h1\" style=\"color: black;\"><strong>\u2705\u00a0End\u00fcstriyel: Fabrika ve \u00dcretim Tesisleri<\/strong><\/h6>\n<h6 class=\"h1\" style=\"color: black;\"><strong>\u2705\u00a0Ticari Tesis: Ofis Binalar\u0131, Kamu Binalar\u0131, Plaza<\/strong><\/h6>\n<h6 class=\"h1\" style=\"color: black;\"><strong>\u2705\u00a0Konut: Y\u00fcksek Katl\u0131 Yap\u0131lar, Siteler, Apartmanlar<\/strong><\/h6>\n<h6 class=\"h1\" style=\"color: black;\"><strong>\u2705\u00a0Sa\u011fl\u0131k: Hasteneler<\/strong><\/h6>\n<h6 class=\"h1\" style=\"color: black;\"><strong>\u2705\u00a0Spor Tesisleri: Y\u00fczme Havuzlar\u0131, Stadyum, Spor Salonlar\u0131<\/strong><\/h6>\n<h6 class=\"h1\" style=\"color: black;\"><strong>\u2705\u00a0Konaklama: Otel, Tatil K\u00f6y\u00fc, Sinemalar, AVM<\/strong><\/h6>\n<p><\/div><\/div><div class=\"side-featured-wrapper fss-rectangle kd-animated fadeInRight\" data-animation-delay=\"200\">\r\n      <div class=\"featured-image\"><img loading=\"lazy\" decoding=\"async\" width=\"470\" height=\"531\" src=\"https:\/\/i0.wp.com\/iron-trap.com\/wp-content\/uploads\/2021\/10\/sag_perspektif_kesilmis_v2-removebg-preview.png?fit=470%2C531&amp;ssl=1\" class=\"attachment-full\" alt=\"\" srcset=\"https:\/\/i0.wp.com\/iron-trap.com\/wp-content\/uploads\/2021\/10\/sag_perspektif_kesilmis_v2-removebg-preview.png?w=470&amp;ssl=1 470w, https:\/\/i0.wp.com\/iron-trap.com\/wp-content\/uploads\/2021\/10\/sag_perspektif_kesilmis_v2-removebg-preview.png?resize=266%2C300&amp;ssl=1 266w\" sizes=\"auto, (max-width: 470px) 100vw, 470px\" \/><\/div>\r\n    <\/div><\/div>\r\n            <\/section><section id=\"Sessions\" class=\"featured-left\"><li class=\"nav-label\"><a class=\"feature-tabs-scroll\" href=\"#Sessions\"><span class=\"nav-number\"><\/span><i class=\"iconsmind-Gears iconsmind-User-Interface fss-nav-icon\" style=\" color: #000000;\"><\/i> \u00c7al\u0131\u015fma Prensibi<\/a><\/li><div class=\"container\">\r\n                <div class=\"side-content-wrapper kd-animated fadeInRight\" data-animation-delay=\"200\"><h2 class=\"side-content-title\" style=\"color: #000000;\"><u>IronTrap \u00c7al\u0131\u015fma Prensibi<\/u><\/h2><h6 class=\"side-content-subtitle\" style=\"color: #000000;\">Korozyona ve manyetite kar\u015f\u0131 koruma sa\u011flayan IronTrap manyetik filtreler otomatik hava atma pr\u00fcj\u00f6r\u00fcne entegre olarak tasarlanm\u0131\u015ft\u0131r. Hava bir kataliz\u00f6rd\u00fcr, bu sebeple \u0131s\u0131tma so\u011futma sistemlerinde korozyon geli\u015fmesine sebep olur. Devreye alma ve bo\u015faltma esnas\u0131nda sisteme gelen hava otomatik hava atma pruj\u00f6r\u00fc ile sistem d\u0131\u015f\u0131na at\u0131l\u0131r. Sistem \u00e7al\u0131\u015f\u0131r durumdayken IronTrap manyetik filtresi \u00fczerinde ge\u00e7en ak\u0131\u015fkan\u0131n i\u00e7erisindeki havay\u0131 otomatik hava atma purj\u00f6r\u00fc \u00fczerinden d\u0131\u015far\u0131ya atar.<\/h6><div class=\"side-content-text\" style=\"color: #000000;\"><\/p>\n<ol>\n<li><strong>Kesme vanas\u0131<\/strong><\/li>\n<li><strong>Otomatik hava atma purj\u00f6r\u00fc<\/strong><\/li>\n<li><strong>G\u00fc\u00e7l\u00fc neodyum m\u0131knat\u0131s \u00e7ubuklar<\/strong><\/li>\n<li><strong>Manyetik filtre g\u00f6vdesi<\/strong><\/li>\n<li><strong>\u00bd vakum vanas\u0131<\/strong><\/li>\n<li><strong>Bo\u015faltma vanas\u0131<\/strong><\/li>\n<li><strong>Giri\u015f hatt\u0131<\/strong><\/li>\n<\/ol>\n<p><\/div><\/div><script type=\"text\/javascript\">\r\n      jQuery(document).ready(function($){\r\n        if ($(\".kd-featured-gallery-69f3a0f980a9d .featured-gallery\").length) {\r\n          $(\".kd-featured-gallery-69f3a0f980a9d .featured-gallery\").owlCarousel({\r\n            stageClass: \"owl-wrapper\",\r\n            stageOuterClass: \"owl-wrapper-outer\",\r\n            loadedClass: \"owl-carousel\",\r\n            items: 1,\r\n            rewind: true,\r\n            dots: true,\r\n            nav: false,\r\n            dotsSpeed: 500,\r\n            addClassActive: true,\r\n          });\r\n        }\r\n      });\r\n    <\/script><div class=\"side-featured-wrapper kd-featured-gallery-69f3a0f980a9d kd-animated fadeInLeft kd-animated fadeInLeft\" data-animation-delay=\"200\">\r\n      <div class=\"featured-gallery\"><img loading=\"lazy\" decoding=\"async\" width=\"1164\" height=\"593\" src=\"https:\/\/i0.wp.com\/iron-trap.com\/wp-content\/uploads\/2021\/10\/Screenshot_1.png?fit=1164%2C593&amp;ssl=1\" class=\"ffs-gallery-img attachment-full\" alt=\"\" srcset=\"https:\/\/i0.wp.com\/iron-trap.com\/wp-content\/uploads\/2021\/10\/Screenshot_1.png?w=1164&amp;ssl=1 1164w, https:\/\/i0.wp.com\/iron-trap.com\/wp-content\/uploads\/2021\/10\/Screenshot_1.png?resize=300%2C153&amp;ssl=1 300w, https:\/\/i0.wp.com\/iron-trap.com\/wp-content\/uploads\/2021\/10\/Screenshot_1.png?resize=1024%2C522&amp;ssl=1 1024w, https:\/\/i0.wp.com\/iron-trap.com\/wp-content\/uploads\/2021\/10\/Screenshot_1.png?resize=768%2C391&amp;ssl=1 768w, https:\/\/i0.wp.com\/iron-trap.com\/wp-content\/uploads\/2021\/10\/Screenshot_1.png?resize=800%2C408&amp;ssl=1 800w\" sizes=\"auto, (max-width: 1000px) 100vw, 1000px\" \/><\/div>\r\n    <\/div><\/div>\r\n            <\/section>\r\n            <\/div><style><\/style><\/div><\/div><\/div><\/div><div data-vc-full-width=\"true\" data-vc-full-width-init=\"false\" data-vc-stretch-content=\"true\" class=\"vc_row wpb_row vc_row-fluid vc_custom_1596729589098 vc_row-has-padding-top vc_row-has-padding-bottom vc_row-no-padding vc_row-bg-position-top\"><div class=\"wpb_column vc_column_container vc_col-sm-12\"><div class=\"vc_column-inner\"><div class=\"wpb_wrapper\"><\/div><\/div><\/div><\/div><div class=\"vc_row-full-width vc_clearfix\"><\/div>","protected":false},"excerpt":{"rendered":"IRONTRAP\u00ae Manyetik FiltreIronTrap manyetik filtreler demir tozunu g\u00fc\u00e7l\u00fc neodyum m\u0131knat\u0131s \u00e7ubuklar\u0131 ile sistemden ay\u0131r\u0131r. \u0131s\u0131tma-so\u011futma sistemini, demir tozlar\u0131na kar\u015f\u0131 korur ve sistemin \u00f6mr\u00fcn\u00fc uzat\u0131r.Datasheet IRONTRAP\u00ae IRONTRAP\u00aeIronTrap manyetik filtreler demir tozunu g\u00fc\u00e7l\u00fc neodyum m\u0131knat\u0131s \u00e7ubuklar\u0131 ile sistemden ay\u0131r\u0131r. \u0131s\u0131tma-so\u011futma sistemini, demir tozlar\u0131na kar\u015f\u0131 korur ve sistemin \u00f6mr\u00fcn\u00fc uzat\u0131r. \u2705\u00a0T\u00fcm Is\u0131tma-So\u011futma Sistemleri ile Uyumludur. \u2705\u00a0 Erken Ar\u0131za [...]","protected":false},"author":1,"featured_media":0,"parent":0,"menu_order":0,"comment_status":"closed","ping_status":"closed","template":"","meta":{"footnotes":""},"class_list":["post-5730","page","type-page","status-publish","hentry"],"jetpack_sharing_enabled":true,"_links":{"self":[{"href":"https:\/\/iron-trap.com\/en\/wp-json\/wp\/v2\/pages\/5730","targetHints":{"allow":["GET"]}}],"collection":[{"href":"https:\/\/iron-trap.com\/en\/wp-json\/wp\/v2\/pages"}],"about":[{"href":"https:\/\/iron-trap.com\/en\/wp-json\/wp\/v2\/types\/page"}],"author":[{"embeddable":true,"href":"https:\/\/iron-trap.com\/en\/wp-json\/wp\/v2\/users\/1"}],"replies":[{"embeddable":true,"href":"https:\/\/iron-trap.com\/en\/wp-json\/wp\/v2\/comments?post=5730"}],"version-history":[{"count":72,"href":"https:\/\/iron-trap.com\/en\/wp-json\/wp\/v2\/pages\/5730\/revisions"}],"predecessor-version":[{"id":9948,"href":"https:\/\/iron-trap.com\/en\/wp-json\/wp\/v2\/pages\/5730\/revisions\/9948"}],"wp:attachment":[{"href":"https:\/\/iron-trap.com\/en\/wp-json\/wp\/v2\/media?parent=5730"}],"curies":[{"name":"wp","href":"https:\/\/api.w.org\/{rel}","templated":true}]}}