{"id":5752,"date":"2018-10-22T13:48:34","date_gmt":"2018-10-22T13:48:34","guid":{"rendered":"https:\/\/www.ekko-wp.com\/?page_id=5752"},"modified":"2021-12-16T11:57:26","modified_gmt":"2021-12-16T11:57:26","slug":"contact","status":"publish","type":"page","link":"https:\/\/iron-trap.com\/en\/contact\/","title":{"rendered":"Bizimle \u0130leti\u015fime Ge\u00e7in"},"content":{"rendered":"<div data-vc-full-width=\"true\" data-vc-full-width-init=\"false\" data-vc-stretch-content=\"true\" class=\"vc_row wpb_row vc_row-fluid vc_row-no-padding vc_row-bg-position-top vc_row-o-content-middle vc_row-flex\"><div class=\"wpb_column vc_column_container vc_col-sm-6 vc_col-lg-6 vc_col-md-12\"><div class=\"vc_column-inner vc_custom_1522242793531\"><div class=\"wpb_wrapper\"><div class=\"wpb_gmaps_widget wpb_content_element\"><div class=\"wpb_wrapper\"><div class=\"wpb_map_wraper\"><iframe src=\"https:\/\/www.google.com\/maps\/embed?pb=!1m14!1m8!1m3!1d1269.1093571186298!2d29.43897463780583!3d40.839653063193765!3m2!1i1024!2i768!4f13.1!3m3!1m2!1s0x0%3A0xef605111f32f8897!2sTaytech%20Otomasyon%20ve%20Bili%C5%9Fim%20Teknolojileri%20A.%C5%9E!5e0!3m2!1str!2str!4v1639654935305!5m2!1str!2str\" width=\"100%\" height=\"600\" style=\"border:1;\" allowfullscreen=\"\" loading=\"lazy\"><\/iframe><\/div><\/div><\/div><\/div><\/div><\/div><div class=\"wpb_column vc_column_container vc_col-sm-6 vc_col-lg-6 vc_col-md-12\"><div class=\"vc_column-inner vc_custom_1598451985596  vc_custom_1598451985597 vc_custom_1598451985597\"><div class=\"wpb_wrapper\"><div class=\"vc_row wpb_row vc_inner vc_row-fluid vc_row-bg-position-top vc_row-o-content-middle vc_row-flex\"><div class=\"wpb_column vc_column_container vc_col-sm-7\"><div class=\"vc_column-inner\"><div class=\"wpb_wrapper\"><div class=\"key-icon-box icon-default icon-left cont-left ib-no-effect with-shadow   with-border   kd-animated fadeIn\" style=\"background-color: transparent;border: 1px solid #dd3333;margin-bottom:40px;\" ><div class=\"ib-wrapper\" ><i class=\"iconsmind-Map-Marker iconsmind-Maps-Locations\" style=\"font-size: 22px;font-weight: 700;\"><\/i> <h6 class=\"service-heading\" >Adresimiz<\/h6><p style=\"font-size: 20px;\">\u0130n\u00f6n\u00fc, Atat\u00fcrk Blv. No: 2 D:7, 41400 Gebze Plastik\u00e7iler Osb\/Gebze\/Kocaeli<\/p><\/div><\/div><div class=\"key-icon-box icon-default icon-left cont-left ib-no-effect with-shadow   with-border   kd-animated fadeIn\" style=\"background-color: transparent;border: 1px solid #dd3333;margin-bottom:40px;\" data-animation-delay=\"200\"><div class=\"ib-wrapper\" ><i class=\"iconsmind-Speach-Bubble iconsmind-Speech-Bubbles\" style=\"font-size: 22px;font-weight: 700;\"><\/i> <h6 class=\"service-heading\" >Telefon Numaram\u0131z<\/h6><p style=\"font-size: 20px;\">+90(262)502 51 49<\/p><\/div><\/div><div class=\"key-icon-box icon-default icon-left cont-left ib-no-effect with-shadow   with-border   kd-animated fadeIn\" style=\"background-color: transparent;border: 1px solid #dd3333;\" data-animation-delay=\"400\"><div class=\"ib-wrapper\" ><i class=\"iconsmind-Envelope-2 iconsmind-Emails\" style=\"font-size: 22px;font-weight: 700;\"><\/i> <h6 class=\"service-heading\" >Mail Adresimiz<\/h6><p style=\"font-size: 20px;\">info@taytech.com.tr<\/p><\/div><\/div><\/div><\/div><\/div><div class=\"wpb_column vc_column_container vc_col-sm-5 vc_hidden-md vc_hidden-sm vc_hidden-xs\"><div class=\"vc_column-inner\"><div class=\"wpb_wrapper\"><\/div><\/div><\/div><\/div><\/div><\/div><\/div><\/div><div class=\"vc_row-full-width vc_clearfix\"><\/div>","protected":false},"excerpt":{"rendered":"Adresimiz\u0130n\u00f6n\u00fc, Atat\u00fcrk Blv. No: 2 D:7, 41400 Gebze Plastik\u00e7iler Osb\/Gebze\/Kocaeli Telefon Numaram\u0131z+90(262)502 51 49 Mail Adresimizinfo@taytech.com.tr","protected":false},"author":1,"featured_media":8901,"parent":0,"menu_order":0,"comment_status":"closed","ping_status":"closed","template":"","meta":{"footnotes":""},"class_list":["post-5752","page","type-page","status-publish","has-post-thumbnail","hentry"],"jetpack_sharing_enabled":true,"_links":{"self":[{"href":"https:\/\/iron-trap.com\/en\/wp-json\/wp\/v2\/pages\/5752","targetHints":{"allow":["GET"]}}],"collection":[{"href":"https:\/\/iron-trap.com\/en\/wp-json\/wp\/v2\/pages"}],"about":[{"href":"https:\/\/iron-trap.com\/en\/wp-json\/wp\/v2\/types\/page"}],"author":[{"embeddable":true,"href":"https:\/\/iron-trap.com\/en\/wp-json\/wp\/v2\/users\/1"}],"replies":[{"embeddable":true,"href":"https:\/\/iron-trap.com\/en\/wp-json\/wp\/v2\/comments?post=5752"}],"version-history":[{"count":8,"href":"https:\/\/iron-trap.com\/en\/wp-json\/wp\/v2\/pages\/5752\/revisions"}],"predecessor-version":[{"id":9965,"href":"https:\/\/iron-trap.com\/en\/wp-json\/wp\/v2\/pages\/5752\/revisions\/9965"}],"wp:featuredmedia":[{"embeddable":true,"href":"https:\/\/iron-trap.com\/en\/wp-json\/wp\/v2\/media\/8901"}],"wp:attachment":[{"href":"https:\/\/iron-trap.com\/en\/wp-json\/wp\/v2\/media?parent=5752"}],"curies":[{"name":"wp","href":"https:\/\/api.w.org\/{rel}","templated":true}]}}