{"id":9743,"date":"2021-11-01T15:48:46","date_gmt":"2021-11-01T15:48:46","guid":{"rendered":"https:\/\/iron-trap.com\/?page_id=9743"},"modified":"2021-12-16T12:03:32","modified_gmt":"2021-12-16T12:03:32","slug":"hakkimizda","status":"publish","type":"page","link":"https:\/\/iron-trap.com\/en\/hakkimizda\/","title":{"rendered":"Hakk\u0131m\u0131zda"},"content":{"rendered":"<div data-vc-full-width=\"true\" data-vc-full-width-init=\"false\" data-vc-stretch-content=\"true\" class=\"vc_row wpb_row vc_row-fluid vc_custom_1635783916920 vc_row-bg-position-top vc_row-o-content-middle vc_row-flex\"><div class=\"wpb_column vc_column_container vc_col-sm-12\"><div class=\"vc_column-inner vc_custom_1635784354593\"><div class=\"wpb_wrapper\"><div class=\"vc_row wpb_row vc_inner vc_row-fluid vc_custom_1639656063879 vc_custom_1639656063880 vc_row-has-padding-top vc_row-has-padding-bottom vc_row-bg-position-top vc_row-o-content-middle vc_row-flex\"><div class=\"wpb_column vc_column_container vc_col-sm-12 vc_col-lg-offset-0 vc_col-lg-6 vc_col-md-offset-0 vc_col-sm-offset-0\"><div class=\"vc_column-inner vc_custom_1599486332739 vc_custom_1599486332740 vc_custom_1599486332741 vc_custom_1599486332742\"><div class=\"wpb_wrapper\">\n\t<div  class=\"wpb_single_image wpb_content_element vc_align_left\">\n\t\t\n\t\t<figure class=\"wpb_wrapper vc_figure\">\n\t\t\t<div class=\"vc_single_image-wrapper   vc_box_border_grey\"><img loading=\"lazy\" decoding=\"async\" width=\"1372\" height=\"699\" src=\"https:\/\/i0.wp.com\/iron-trap.com\/wp-content\/uploads\/2021\/11\/kurumsal.png?fit=1372%2C699&amp;ssl=1\" class=\"vc_single_image-img attachment-full\" alt=\"\" srcset=\"https:\/\/i0.wp.com\/iron-trap.com\/wp-content\/uploads\/2021\/11\/kurumsal.png?w=1372&amp;ssl=1 1372w, https:\/\/i0.wp.com\/iron-trap.com\/wp-content\/uploads\/2021\/11\/kurumsal.png?resize=300%2C153&amp;ssl=1 300w, https:\/\/i0.wp.com\/iron-trap.com\/wp-content\/uploads\/2021\/11\/kurumsal.png?resize=1024%2C522&amp;ssl=1 1024w, https:\/\/i0.wp.com\/iron-trap.com\/wp-content\/uploads\/2021\/11\/kurumsal.png?resize=768%2C391&amp;ssl=1 768w, https:\/\/i0.wp.com\/iron-trap.com\/wp-content\/uploads\/2021\/11\/kurumsal.png?resize=1320%2C673&amp;ssl=1 1320w, https:\/\/i0.wp.com\/iron-trap.com\/wp-content\/uploads\/2021\/11\/kurumsal.png?resize=800%2C408&amp;ssl=1 800w\" sizes=\"auto, (max-width: 1000px) 100vw, 1000px\" \/><\/div>\n\t\t<\/figure>\n\t<\/div>\n<\/div><\/div><\/div><div class=\"wpb_column vc_column_container vc_col-sm-12 vc_col-lg-6\"><div class=\"vc_column-inner vc_custom_1606227531940 vc_custom_1606227531941 vc_custom_1606227531943 vc_custom_1606227531944\"><div class=\"wpb_wrapper\"><header class=\"kd-section-title col-lg-12 text-left solid-line sep-border-width-4 550px subtitle-below-title kd-animated fadeIn   vc_custom_1639656194590\" data-animation-delay=\"200\"><h2 class=\"separator_on\" style=\"color: #000000;margin-bottom:10px;\">Taytech Otomasyon ve Bili\u015fim A.\u015e<\/h2><div class=\"kd-separator below_title\" style=\"width:550px;\"><div class=\"kd-separator-line\" ><\/div><\/div><h6 class=\"subtitle\" style=\"color: #000000;\">Sekt\u00f6r\u00fcnde bir \u00f6nc\u00fc olan Taytech Otomasyon ve Bili\u015fim A.\u015e., elektronik kontrol, otomasyon ve veri y\u00f6netimi alan\u0131nda, m\u00fc\u015fteri deneyimlerinden yola \u00e7\u0131karak tasar\u0131mdan \u00fcretime kadar t\u00fcm faaliyetlerini y\u00fcr\u00fctmektedir. 22 y\u0131ll\u0131k sekt\u00f6rel deneyimi, dinamik yap\u0131s\u0131 ve s\u00fcrekli geli\u015fimi benimsemi\u015f profesyonel kadrosu ile hizmet vermektedir. 4750 m2 \u00fczerine kurulu \u00fcretim alan\u0131m\u0131z ve 860 m2lik ARGE alan\u0131m\u0131zla faaliyetlerimizi s\u00fcrd\u00fcrmekteyiz. ISO9001, ISO14001 ve OHSAS18001 standartlar\u0131na uygun olarak olu\u015fturdu\u011fumuz y\u00f6netim sistemimizde s\u00fcrekli iyile\u015ftirme taahh\u00fcd\u00fcnde bulunuyoruz. \u00c7er\u00e7eve olarak tan\u0131mlad\u0131\u011f\u0131m\u0131z politikalar\u0131m\u0131z\u0131 periyodik olarak inceler ve geli\u015ftiririz.<\/h6><\/header><\/div><\/div><\/div><\/div><\/div><\/div><\/div><\/div><div class=\"vc_row-full-width vc_clearfix\"><\/div><div class=\"vc_row wpb_row vc_row-fluid vc_custom_1635783631936 vc_custom_1635783631937 vc_custom_1635783631939 vc_row-bg-position-top\"><div class=\"wpb_column vc_column_container vc_col-sm-12\"><div class=\"vc_column-inner\"><div class=\"wpb_wrapper\"><div class=\"vc_tta-container\" data-vc-action=\"collapse\"><div class=\"vc_general vc_tta vc_tta-tabs vc_tta-color-grey vc_tta-style-classic vc_tta-shape-rounded vc_tta-spacing-1 vc_tta-tabs-position-top vc_tta-controls-align-left vc_custom_1635784427060\"><div class=\"vc_tta-tabs-container\"><ul class=\"vc_tta-tabs-list\"><li class=\"vc_tta-tab vc_active\" data-vc-tab><a href=\"#Tools-Data\" data-vc-tabs data-vc-container=\".vc_tta\"><span class=\"vc_tta-title-text\">Kalite Politikam\u0131z<\/span><\/a><\/li><li class=\"vc_tta-tab\" data-vc-tab><a href=\"#Campaigns\" data-vc-tabs data-vc-container=\".vc_tta\"><span class=\"vc_tta-title-text\">Teknoloji ve \u0130novasyon<\/span><\/a><\/li><li class=\"vc_tta-tab\" data-vc-tab><a href=\"#Influencers\" data-vc-tabs data-vc-container=\".vc_tta\"><span class=\"vc_tta-title-text\">S\u00fcrd\u00fcr\u00fclebilirlik ve Geli\u015ftirme<\/span><\/a><\/li><\/ul><\/div><div class=\"vc_tta-panels-container\"><div class=\"vc_tta-panels\"><div class=\"vc_tta-panel vc_active\" id=\"Tools-Data\" data-vc-content=\".vc_tta-panel-body\"><div class=\"vc_tta-panel-heading\"><h4 class=\"vc_tta-panel-title\"><a href=\"#Tools-Data\" data-vc-accordion data-vc-container=\".vc_tta-container\"><span class=\"vc_tta-title-text\">Kalite Politikam\u0131z<\/span><\/a><\/h4><\/div><div class=\"vc_tta-panel-body\"><div class=\"vc_row wpb_row vc_inner vc_row-fluid vc_custom_1635784512714 vc_custom_1635784512715 vc_row-has-padding-top vc_row-has-padding-bottom vc_row-bg-position-top\"><div class=\"wpb_column vc_column_container vc_col-sm-6\"><div class=\"vc_column-inner vc_custom_1635783681441\"><div class=\"wpb_wrapper\"><header class=\"kd-section-title col-lg-12 text-left  subtitle-below-title kd-animated fadeIn   vc_custom_1639656130416\" data-animation-delay=\"200\"><h2 class=\"separator_off\" style=\"color: #dd3333;font-size: 35px;margin-bottom:15px;\">Kalite Politikam\u0131z<\/h2><h6 class=\"subtitle\" style=\"color: #000000;font-size:20px;\">M\u00fc\u015fterilerimiz, tedarik\u00e7ilerimiz ve \u00e7al\u0131\u015fanlar\u0131m\u0131z ba\u015fta olmak payda\u015flar\u0131n ihtiya\u00e7 ve beklentilerinin anla\u015f\u0131lmas\u0131n\u0131 sa\u011flayarak bu do\u011frultuda faaliyetlerimizi ger\u00e7ekle\u015ftiririz. Deneyimli ve e\u011fitimli kadromuz ile rekabet\u00e7i fiyat ve \u00f6deme \u015fartlar\u0131nda m\u00fc\u015fterilerimize en iyi hizmeti sunarak m\u00fc\u015fteri memnuniyetini sa\u011flamak misyonumuzdur. Faaliyetlerimizin ve \u00fcr\u00fcnlerimizin \u00e7evre \u00fczerindeki olumsuz etkilerini en aza indirgemeyi m\u00fcmk\u00fcnse ortadan kald\u0131rmak i\u00e7in, 0 carbon footprint hedefimizdir.<\/h6><\/header><\/div><\/div><\/div><div class=\"wpb_column vc_column_container vc_col-sm-6\"><div class=\"vc_column-inner vc_custom_1618929292487\"><div class=\"wpb_wrapper\"><div class=\"kd-photo-group group-layout-left-right large-shadow enable-parallax  vc_custom_1635784602208\">\n                <div class=\"kd-group-image first-image-wrapper\"><div class=\"kd-group-image-animation kd-animated fadeInDown\" data-animation-delay=\"200\"><img loading=\"lazy\" decoding=\"async\" width=\"500\" height=\"600\" src=\"https:\/\/i0.wp.com\/iron-trap.com\/wp-content\/uploads\/2021\/11\/kalite_1.jpg?fit=500%2C600&amp;ssl=1\" class=\"attachment-full\" alt=\"\" srcset=\"https:\/\/i0.wp.com\/iron-trap.com\/wp-content\/uploads\/2021\/11\/kalite_1.jpg?w=500&amp;ssl=1 500w, https:\/\/i0.wp.com\/iron-trap.com\/wp-content\/uploads\/2021\/11\/kalite_1.jpg?resize=250%2C300&amp;ssl=1 250w\" sizes=\"auto, (max-width: 500px) 100vw, 500px\" \/><\/div><\/div>\n                <div class=\"kd-group-image second-image-wrapper\" style=\"bottom: -15%;\"><div class=\"kd-group-image-animation kd-animated fadeInUp\" data-animation-delay=\"200\"><img loading=\"lazy\" decoding=\"async\" width=\"500\" height=\"600\" src=\"https:\/\/i0.wp.com\/iron-trap.com\/wp-content\/uploads\/2021\/11\/kalite6.jpg?fit=500%2C600&amp;ssl=1\" class=\"attachment-full\" alt=\"\" srcset=\"https:\/\/i0.wp.com\/iron-trap.com\/wp-content\/uploads\/2021\/11\/kalite6.jpg?w=500&amp;ssl=1 500w, https:\/\/i0.wp.com\/iron-trap.com\/wp-content\/uploads\/2021\/11\/kalite6.jpg?resize=250%2C300&amp;ssl=1 250w\" sizes=\"auto, (max-width: 500px) 100vw, 500px\" \/><\/div><\/div>\n            <\/div><\/div><\/div><\/div><\/div><\/div><\/div><div class=\"vc_tta-panel\" id=\"Campaigns\" data-vc-content=\".vc_tta-panel-body\"><div class=\"vc_tta-panel-heading\"><h4 class=\"vc_tta-panel-title\"><a href=\"#Campaigns\" data-vc-accordion data-vc-container=\".vc_tta-container\"><span class=\"vc_tta-title-text\">Teknoloji ve \u0130novasyon<\/span><\/a><\/h4><\/div><div class=\"vc_tta-panel-body\"><div class=\"vc_row wpb_row vc_inner vc_row-fluid vc_custom_1635783725150 vc_custom_1635783725151 vc_row-has-padding-bottom vc_row-bg-position-top\"><div class=\"wpb_column vc_column_container vc_col-sm-6\"><div class=\"vc_column-inner vc_custom_1635783695677\"><div class=\"wpb_wrapper\"><header class=\"kd-section-title col-lg-12 text-left  subtitle-below-title kd-animated fadeIn   vc_custom_1639656117063\" data-animation-delay=\"200\"><h5 class=\"separator_off\" style=\"color: #dd3333;font-size: 35px;margin-bottom:15px;\">Teknoloji ve \u0130novasyon<\/h5><h6 class=\"subtitle\" style=\"color: #000000;font-size:20px;\">Taytech, t\u00fcm \u00fcr\u00fcnleri ve hizmetleri ile m\u00fc\u015fterilerine y\u00fcksek kaliteyi ve g\u00fcvenilirli\u011fi sunmay\u0131 hedeflemektedir. Her zaman teknik veya ulusal, uluslararas\u0131 mevzuatlar\u0131 takip ediyor ve m\u00fc\u015fteri taleplerimize k\u0131sa s\u00fcrede cevap verecek \u00f6zel \u00fcr\u00fcnlerimizi ve hizmetlerimizi sunuyoruz. Tecr\u00fcbeli ve e\u011fitimli kadromuz ile siz de\u011ferli m\u00fc\u015fterilerimize en iyi hizmeti rekabet\u00e7i fiyatlara sunuyor ve bu ama\u00e7la kendimizi son teknoloji ve makinelerle s\u00fcrekli g\u00fcncelliyoruz. Nitelikli ekip \u00fcyelerimiz ihtiya\u00e7 duydu\u011funuzda sat\u0131\u015f \u00f6ncesi ve sonras\u0131 dan\u0131\u015fmanl\u0131k hizmeti sunmaktay\u0131z.<\/h6><\/header><\/div><\/div><\/div><div class=\"wpb_column vc_column_container vc_col-sm-6\"><div class=\"vc_column-inner vc_custom_1618929292487\"><div class=\"wpb_wrapper\"><div class=\"kd-photo-group group-layout-right-left large-shadow enable-parallax  vc_custom_1635784587185\">\n                <div class=\"kd-group-image first-image-wrapper\"><div class=\"kd-group-image-animation kd-animated fadeInDown\" data-animation-delay=\"200\"><img data-recalc-dims=\"1\" decoding=\"async\" class=\"photo-group-img\" alt=\"\" src=\"https:\/\/i0.wp.com\/iron-trap.com\/wp-content\/plugins\/js_composer\/assets\/vc\/no_image.png?ssl=1\" \/><\/div><\/div>\n                <div class=\"kd-group-image second-image-wrapper\" style=\"bottom: -15%;\"><div class=\"kd-group-image-animation kd-animated fadeInUp\" data-animation-delay=\"200\"><img loading=\"lazy\" decoding=\"async\" width=\"500\" height=\"600\" src=\"https:\/\/i0.wp.com\/iron-trap.com\/wp-content\/uploads\/2021\/11\/teknoloji_2.jpg?fit=500%2C600&amp;ssl=1\" class=\"attachment-full\" alt=\"\" srcset=\"https:\/\/i0.wp.com\/iron-trap.com\/wp-content\/uploads\/2021\/11\/teknoloji_2.jpg?w=500&amp;ssl=1 500w, https:\/\/i0.wp.com\/iron-trap.com\/wp-content\/uploads\/2021\/11\/teknoloji_2.jpg?resize=250%2C300&amp;ssl=1 250w\" sizes=\"auto, (max-width: 500px) 100vw, 500px\" \/><\/div><\/div>\n            <\/div><\/div><\/div><\/div><\/div><\/div><\/div><div class=\"vc_tta-panel\" id=\"Influencers\" data-vc-content=\".vc_tta-panel-body\"><div class=\"vc_tta-panel-heading\"><h4 class=\"vc_tta-panel-title\"><a href=\"#Influencers\" data-vc-accordion data-vc-container=\".vc_tta-container\"><span class=\"vc_tta-title-text\">S\u00fcrd\u00fcr\u00fclebilirlik ve Geli\u015ftirme<\/span><\/a><\/h4><\/div><div class=\"vc_tta-panel-body\"><div class=\"vc_row wpb_row vc_inner vc_row-fluid vc_custom_1635783733905 vc_custom_1635783733907 vc_row-has-padding-bottom vc_row-bg-position-top\"><div class=\"wpb_column vc_column_container vc_col-sm-6\"><div class=\"vc_column-inner vc_custom_1635783705631\"><div class=\"wpb_wrapper\"><header class=\"kd-section-title col-lg-12 text-left  subtitle-below-title kd-animated fadeIn   vc_custom_1639656096048\" data-animation-delay=\"200\"><h5 class=\"separator_off\" style=\"color: #dd3333;font-size: 35px;margin-bottom:15px;\">S\u00fcrd\u00fcr\u00fclebilirlik ve Geli\u015ftirme<\/h5><h6 class=\"subtitle\" style=\"color: #000000;font-size:20px;\">S\u00fcrd\u00fcr\u00fclebilirlik daim\u00ee olma yetene\u011fi olarak adland\u0131r\u0131labilir. Kaynaklar\u0131n etkin kullan\u0131m\u0131, yat\u0131r\u0131mlar\u0131n y\u00f6n\u00fc, teknolojik geli\u015fmenin y\u00f6nlendirilmesi ve kurumsal de\u011fi\u015fimin uyum i\u00e7inde oldu\u011fu ve insan ihtiya\u00e7lar\u0131n\u0131 ve isteklerini kar\u015f\u0131layabilme potansiyelinin hem g\u00fcn\u00fcm\u00fczde hem de gelecek i\u00e7in korundu\u011fu dengeli bir ortamda de\u011fi\u015fimin sa\u011flanarak Taytech olarak t\u00fcm faaliyetlerimizi s\u00fcrd\u00fcrmekteyiz. Bu kapsamda s\u00fcrd\u00fcr\u00fclebilirlik unsurlar\u0131n\u0131; sosyal geli\u015fim, ekonomik b\u00fcy\u00fcme ve \u00e7evre koruma dikkate alarak Taytech Y\u00f6netim Sistemini olu\u015fturmu\u015f bulunmaktay\u0131z. Yal\u0131n y\u00f6netim felsefesi do\u011frultusunda t\u00fcm s\u00fcre\u00e7leri ve s\u00fcre\u00e7ler aras\u0131ndaki etkile\u015fimleri tan\u0131mlayarak, iyile\u015ftirmeye a\u00e7\u0131k noktalar\u0131 geli\u015ftirerek verimli ve \u00f6l\u00e7\u00fclebilir bir sistem yap\u0131s\u0131 olu\u015fturmaktay\u0131z.<\/h6><\/header><\/div><\/div><\/div><div class=\"wpb_column vc_column_container vc_col-sm-6\"><div class=\"vc_column-inner vc_custom_1618929292487\"><div class=\"wpb_wrapper\"><div class=\"kd-photo-group group-layout-left-right large-shadow enable-parallax  vc_custom_1635784621340\">\n                <div class=\"kd-group-image first-image-wrapper\"><div class=\"kd-group-image-animation kd-animated fadeInDown\" data-animation-delay=\"200\"><img loading=\"lazy\" decoding=\"async\" width=\"500\" height=\"600\" src=\"https:\/\/i0.wp.com\/iron-trap.com\/wp-content\/uploads\/2021\/11\/teknoloji_2.jpg?fit=500%2C600&amp;ssl=1\" class=\"attachment-full\" alt=\"\" srcset=\"https:\/\/i0.wp.com\/iron-trap.com\/wp-content\/uploads\/2021\/11\/teknoloji_2.jpg?w=500&amp;ssl=1 500w, https:\/\/i0.wp.com\/iron-trap.com\/wp-content\/uploads\/2021\/11\/teknoloji_2.jpg?resize=250%2C300&amp;ssl=1 250w\" sizes=\"auto, (max-width: 500px) 100vw, 500px\" \/><\/div><\/div>\n                <div class=\"kd-group-image second-image-wrapper\" style=\"bottom: -5%;\"><div class=\"kd-group-image-animation kd-animated fadeInUp\" data-animation-delay=\"200\"><img loading=\"lazy\" decoding=\"async\" width=\"500\" height=\"600\" src=\"https:\/\/i0.wp.com\/iron-trap.com\/wp-content\/uploads\/2021\/11\/s2.jpg?fit=500%2C600&amp;ssl=1\" class=\"attachment-full\" alt=\"\" srcset=\"https:\/\/i0.wp.com\/iron-trap.com\/wp-content\/uploads\/2021\/11\/s2.jpg?w=500&amp;ssl=1 500w, https:\/\/i0.wp.com\/iron-trap.com\/wp-content\/uploads\/2021\/11\/s2.jpg?resize=250%2C300&amp;ssl=1 250w\" sizes=\"auto, (max-width: 500px) 100vw, 500px\" \/><\/div><\/div>\n            <\/div><\/div><\/div><\/div><\/div><\/div><\/div><\/div><\/div><\/div><\/div><\/div><\/div><\/div><\/div>","protected":false},"excerpt":{"rendered":"Taytech Otomasyon ve Bili\u015fim A.\u015eSekt\u00f6r\u00fcnde bir \u00f6nc\u00fc olan Taytech Otomasyon ve Bili\u015fim A.\u015e., elektronik kontrol, otomasyon ve veri y\u00f6netimi alan\u0131nda, m\u00fc\u015fteri deneyimlerinden yola \u00e7\u0131karak tasar\u0131mdan \u00fcretime kadar t\u00fcm faaliyetlerini y\u00fcr\u00fctmektedir. 22 y\u0131ll\u0131k sekt\u00f6rel deneyimi, dinamik yap\u0131s\u0131 ve s\u00fcrekli geli\u015fimi benimsemi\u015f profesyonel kadrosu ile hizmet vermektedir. 4750 m2 \u00fczerine kurulu \u00fcretim alan\u0131m\u0131z ve 860 m2lik ARGE [...]","protected":false},"author":1,"featured_media":0,"parent":0,"menu_order":0,"comment_status":"closed","ping_status":"closed","template":"","meta":{"footnotes":""},"class_list":["post-9743","page","type-page","status-publish","hentry"],"jetpack_sharing_enabled":true,"_links":{"self":[{"href":"https:\/\/iron-trap.com\/en\/wp-json\/wp\/v2\/pages\/9743","targetHints":{"allow":["GET"]}}],"collection":[{"href":"https:\/\/iron-trap.com\/en\/wp-json\/wp\/v2\/pages"}],"about":[{"href":"https:\/\/iron-trap.com\/en\/wp-json\/wp\/v2\/types\/page"}],"author":[{"embeddable":true,"href":"https:\/\/iron-trap.com\/en\/wp-json\/wp\/v2\/users\/1"}],"replies":[{"embeddable":true,"href":"https:\/\/iron-trap.com\/en\/wp-json\/wp\/v2\/comments?post=9743"}],"version-history":[{"count":12,"href":"https:\/\/iron-trap.com\/en\/wp-json\/wp\/v2\/pages\/9743\/revisions"}],"predecessor-version":[{"id":9966,"href":"https:\/\/iron-trap.com\/en\/wp-json\/wp\/v2\/pages\/9743\/revisions\/9966"}],"wp:attachment":[{"href":"https:\/\/iron-trap.com\/en\/wp-json\/wp\/v2\/media?parent=9743"}],"curies":[{"name":"wp","href":"https:\/\/api.w.org\/{rel}","templated":true}]}}