{"id":9767,"date":"2021-11-03T12:06:00","date_gmt":"2021-11-03T12:06:00","guid":{"rendered":"https:\/\/iron-trap.com\/?page_id=9767"},"modified":"2021-12-16T11:38:00","modified_gmt":"2021-12-16T11:38:00","slug":"bilgi-merkezi","status":"publish","type":"page","link":"https:\/\/iron-trap.com\/en\/bilgi-merkezi\/","title":{"rendered":"Bilgi Merkezi"},"content":{"rendered":"<div data-vc-full-width=\"true\" data-vc-full-width-init=\"false\" data-vc-stretch-content=\"true\" class=\"vc_row wpb_row vc_row-fluid vc_row-no-padding vc_row-bg-position-top\"><div class=\"wpb_column vc_column_container vc_col-sm-12\"><div class=\"vc_column-inner\"><div class=\"wpb_wrapper\"><div class=\"vc_tta-container\" data-vc-action=\"collapse\"><div class=\"vc_general vc_tta vc_tta-tabs vc_tta-color-grey vc_tta-style-classic vc_tta-shape-rounded vc_tta-spacing-1 vc_tta-tabs-position-left vc_tta-controls-align-left\"><div class=\"vc_tta-tabs-container\"><ul class=\"vc_tta-tabs-list\"><li class=\"vc_tta-tab vc_active\" data-vc-tab><a href=\"#1635941411320-6f566b15-371d\" data-vc-tabs data-vc-container=\".vc_tta\"><span class=\"vc_tta-title-text\">Manyetik Filtre Nedir ?<\/span><\/a><\/li><li class=\"vc_tta-tab\" data-vc-tab><a href=\"#1635941411321-eec87bc2-447f\" data-vc-tabs data-vc-container=\".vc_tta\"><span class=\"vc_tta-title-text\">Manyetik Filtre Nas\u0131l \u00c7al\u0131\u015f\u0131r ?<\/span><\/a><\/li><li class=\"vc_tta-tab\" data-vc-tab><a href=\"#1635941620054-50a4146b-7a80\" data-vc-tabs data-vc-container=\".vc_tta\"><span class=\"vc_tta-title-text\">IronTrap Manyetik Filtre Nereye Kurulur ?<\/span><\/a><\/li><\/ul><\/div><div class=\"vc_tta-panels-container\"><div class=\"vc_tta-panels\"><div class=\"vc_tta-panel vc_active\" id=\"1635941411320-6f566b15-371d\" data-vc-content=\".vc_tta-panel-body\"><div class=\"vc_tta-panel-heading\"><h4 class=\"vc_tta-panel-title\"><a href=\"#1635941411320-6f566b15-371d\" data-vc-accordion data-vc-container=\".vc_tta-container\"><span class=\"vc_tta-title-text\">Manyetik Filtre Nedir ?<\/span><\/a><\/h4><\/div><div class=\"vc_tta-panel-body\">\n\t<div class=\"wpb_text_column wpb_content_element\" >\n\t\t<div class=\"wpb_wrapper\">\n\t\t\t<h3 style=\"color: black;\"><a href=\"#\">Manyetik Filtre Nedir ?<\/a><\/h3>\n<p><img data-recalc-dims=\"1\" loading=\"lazy\" decoding=\"async\" class=\"wp-image-9958 alignleft\" src=\"https:\/\/i0.wp.com\/iron-trap.com\/wp-content\/uploads\/2021\/12\/manyetik-filtre-2.png?resize=315%2C525&#038;ssl=1\" alt=\"\" width=\"315\" height=\"525\" srcset=\"https:\/\/i0.wp.com\/iron-trap.com\/wp-content\/uploads\/2021\/12\/manyetik-filtre-2.png?resize=180%2C300&amp;ssl=1 180w, https:\/\/i0.wp.com\/iron-trap.com\/wp-content\/uploads\/2021\/12\/manyetik-filtre-2.png?resize=7%2C12&amp;ssl=1 7w, https:\/\/i0.wp.com\/iron-trap.com\/wp-content\/uploads\/2021\/12\/manyetik-filtre-2.png?w=456&amp;ssl=1 456w\" sizes=\"auto, (max-width: 315px) 100vw, 315px\" \/><\/br><\/br><\/p>\n<h6 style=\"color: black; padding-left: 80px;\">Merkezi \u0131s\u0131tma radyat\u00f6rleri genellikle korozyona kar\u015f\u0131 olduk\u00e7a hassas olan karbon \u00e7eli\u011finden yap\u0131l\u0131r. Kurulumda \u00e7elik borular veya d\u00f6kme demir radyat\u00f6rler de bulunabilir. Merkezi \u0131s\u0131tma suyu sistemde dola\u015f\u0131rken i\u00e7inde manyetik bir karaktere sahip olan ve bu nedenle bir m\u0131knat\u0131sla yakalanabilen siyah magnetit olu\u015fur.<\/h6>\n<h6 style=\"color: black;\"><strong>Manyetik filtre<\/strong> bu par\u00e7alar\u0131 toplamazsa elektromanyetik \u00f6zelliklere sahip bir sonraki cihaza gider (sirk\u00fclasyon pompas\u0131 gibi) ve erken a\u015f\u0131nmas\u0131na neden olur.<\/h6>\n<h6 style=\"color: black;\">Ayr\u0131ca valfler, \u0131s\u0131 e\u015fanj\u00f6rleri vb. gibi di\u011fer sistem bile\u015fenlerine de girerek t\u00fcm sistemin t\u0131kanmas\u0131na ve verimlili\u011finin azalmas\u0131na neden olur.<\/h6>\n<h6 style=\"color: black;\"><strong>Manyetik filtre \u0131s\u0131tma sisteminizi korumak<\/strong>, tesisat\u0131n\u0131z\u0131n kullan\u0131m \u00f6mr\u00fcn\u00fc uzatmak, bak\u0131m maliyetlerinin en aza indirmek, enerji faturalar\u0131n\u0131z\u0131 ve karbon emisyonlar\u0131n\u0131n azaltmak i\u00e7in tasarlanm\u0131\u015f\u00a0 bir \u00fcr\u00fcnd\u00fcr.<\/h6>\n\n\t\t<\/div>\n\t<\/div>\n<\/div><\/div><div class=\"vc_tta-panel\" id=\"1635941411321-eec87bc2-447f\" data-vc-content=\".vc_tta-panel-body\"><div class=\"vc_tta-panel-heading\"><h4 class=\"vc_tta-panel-title\"><a href=\"#1635941411321-eec87bc2-447f\" data-vc-accordion data-vc-container=\".vc_tta-container\"><span class=\"vc_tta-title-text\">Manyetik Filtre Nas\u0131l \u00c7al\u0131\u015f\u0131r ?<\/span><\/a><\/h4><\/div><div class=\"vc_tta-panel-body\">\n\t<div class=\"wpb_text_column wpb_content_element\" >\n\t\t<div class=\"wpb_wrapper\">\n\t\t\t<h3 style=\"color: black;\"><a href=\"#\">Manyetik Filtre Nas\u0131l \u00c7al\u0131\u015f\u0131r ?<\/a><\/h3>\n<p><img data-recalc-dims=\"1\" loading=\"lazy\" decoding=\"async\" class=\"wp-image-9958 alignleft\" src=\"https:\/\/i0.wp.com\/iron-trap.com\/wp-content\/uploads\/2021\/12\/manyetik-filtre-2.png?resize=315%2C525&#038;ssl=1\" alt=\"\" width=\"315\" height=\"525\" srcset=\"https:\/\/i0.wp.com\/iron-trap.com\/wp-content\/uploads\/2021\/12\/manyetik-filtre-2.png?resize=180%2C300&amp;ssl=1 180w, https:\/\/i0.wp.com\/iron-trap.com\/wp-content\/uploads\/2021\/12\/manyetik-filtre-2.png?resize=7%2C12&amp;ssl=1 7w, https:\/\/i0.wp.com\/iron-trap.com\/wp-content\/uploads\/2021\/12\/manyetik-filtre-2.png?w=456&amp;ssl=1 456w\" sizes=\"auto, (max-width: 315px) 100vw, 315px\" \/><\/br><\/br><\/br><\/p>\n<h6 style=\"color: black; padding-left: 80px;\">Korozyona ve manyetite kar\u015f\u0131 koruma sa\u011flayan <strong>IronTrap manyetik filtreler<\/strong> otomatik hava atma pr\u00fcj\u00f6r\u00fcne entegre olarak tasarlanm\u0131\u015ft\u0131r.<\/h6>\n<h6 style=\"color: black; padding-left: 80px;\">Hava bir kataliz\u00f6rd\u00fcr, bu sebeple \u0131s\u0131tma so\u011futma sistemlerinde korozyon geli\u015fmesine sebep olur. Devreye alma ve bo\u015faltma esnas\u0131nda sisteme gelen hava otomatik hava atma pruj\u00f6r\u00fc ile sistem d\u0131\u015f\u0131na at\u0131l\u0131r.<\/h6>\n<h6 style=\"color: black; padding-left: 80px;\">Sistem \u00e7al\u0131\u015f\u0131r durumdayken<strong> IronTrap manyetik filtresi<\/strong> \u00fczerinde ge\u00e7en ak\u0131\u015fkan\u0131n i\u00e7erisindeki havay\u0131 otomatik hava atma purj\u00f6r\u00fc \u00fczerinden d\u0131\u015far\u0131ya atar.<\/h6>\n\n\t\t<\/div>\n\t<\/div>\n<\/div><\/div><div class=\"vc_tta-panel\" id=\"1635941620054-50a4146b-7a80\" data-vc-content=\".vc_tta-panel-body\"><div class=\"vc_tta-panel-heading\"><h4 class=\"vc_tta-panel-title\"><a href=\"#1635941620054-50a4146b-7a80\" data-vc-accordion data-vc-container=\".vc_tta-container\"><span class=\"vc_tta-title-text\">IronTrap Manyetik Filtre Nereye Kurulur ?<\/span><\/a><\/h4><\/div><div class=\"vc_tta-panel-body\">\n\t<div class=\"wpb_text_column wpb_content_element  vc_custom_1639654574568\" >\n\t\t<div class=\"wpb_wrapper\">\n\t\t\t<h3 style=\"color: black;\"><a href=\"#\">IronTrap Manyetik Filtre Nereye Kurulur ?<\/a><\/h3>\n<h6 style=\"color: black; padding-left: 80px;\">IronTrap manyetik filtre sistemin d\u00f6n\u00fc\u015f hatt\u0131na kurulur. M\u00fcm\u00fck\u00fcn oldu\u011funca sistemin ana cihazlar\u0131na yak\u0131n konulur.<br \/>\nSistem plakal\u0131 e\u015fanj\u00f6r ise ayr\u0131lm\u0131\u015f ise hem primer taraf\u0131na hem de sekander taraf\u0131na IronTrap manyetik \u00e7ubuk hesab\u0131 yap\u0131larak monte edilir. <strong>IronTrap manyetik filtreyi<\/strong> montaj yap\u0131lan yerin \u00fcst k\u0131sm\u0131ndan m\u0131knat\u0131slar\u0131 \u00e7\u0131karacak mesafe oldu\u011funu kontrol edin. Ayr\u0131ca alt k\u0131sm\u0131nda yer alan bo\u015faltma vanas\u0131na eri\u015fimin a\u00e7\u0131k olmas\u0131 sistemin bo\u015falt\u0131labilmesi ad\u0131na \u00f6nemlidir.<\/h6>\n\n\t\t<\/div>\n\t<\/div>\n\n\t<div  class=\"wpb_single_image wpb_content_element vc_align_center\">\n\t\t\n\t\t<figure class=\"wpb_wrapper vc_figure\">\n\t\t\t<div class=\"vc_single_image-wrapper   vc_box_border_grey\"><img loading=\"lazy\" decoding=\"async\" width=\"986\" height=\"540\" src=\"https:\/\/i0.wp.com\/iron-trap.com\/wp-content\/uploads\/2021\/11\/isitma-sistem-semasi.png?fit=986%2C540&amp;ssl=1\" class=\"vc_single_image-img attachment-large\" alt=\"\" srcset=\"https:\/\/i0.wp.com\/iron-trap.com\/wp-content\/uploads\/2021\/11\/isitma-sistem-semasi.png?w=986&amp;ssl=1 986w, https:\/\/i0.wp.com\/iron-trap.com\/wp-content\/uploads\/2021\/11\/isitma-sistem-semasi.png?resize=300%2C164&amp;ssl=1 300w, https:\/\/i0.wp.com\/iron-trap.com\/wp-content\/uploads\/2021\/11\/isitma-sistem-semasi.png?resize=768%2C421&amp;ssl=1 768w, https:\/\/i0.wp.com\/iron-trap.com\/wp-content\/uploads\/2021\/11\/isitma-sistem-semasi.png?resize=18%2C10&amp;ssl=1 18w, https:\/\/i0.wp.com\/iron-trap.com\/wp-content\/uploads\/2021\/11\/isitma-sistem-semasi.png?resize=800%2C438&amp;ssl=1 800w\" sizes=\"auto, (max-width: 986px) 100vw, 986px\" \/><\/div>\n\t\t<\/figure>\n\t<\/div>\n\n\t<div  class=\"wpb_single_image wpb_content_element vc_align_center\">\n\t\t\n\t\t<figure class=\"wpb_wrapper vc_figure\">\n\t\t\t<div class=\"vc_single_image-wrapper   vc_box_border_grey\"><img loading=\"lazy\" decoding=\"async\" width=\"991\" height=\"418\" src=\"https:\/\/i0.wp.com\/iron-trap.com\/wp-content\/uploads\/2021\/11\/sogutma-sistem-semasi.png?fit=991%2C418&amp;ssl=1\" class=\"vc_single_image-img attachment-full\" alt=\"\" srcset=\"https:\/\/i0.wp.com\/iron-trap.com\/wp-content\/uploads\/2021\/11\/sogutma-sistem-semasi.png?w=991&amp;ssl=1 991w, https:\/\/i0.wp.com\/iron-trap.com\/wp-content\/uploads\/2021\/11\/sogutma-sistem-semasi.png?resize=300%2C127&amp;ssl=1 300w, https:\/\/i0.wp.com\/iron-trap.com\/wp-content\/uploads\/2021\/11\/sogutma-sistem-semasi.png?resize=768%2C324&amp;ssl=1 768w, https:\/\/i0.wp.com\/iron-trap.com\/wp-content\/uploads\/2021\/11\/sogutma-sistem-semasi.png?resize=18%2C8&amp;ssl=1 18w, https:\/\/i0.wp.com\/iron-trap.com\/wp-content\/uploads\/2021\/11\/sogutma-sistem-semasi.png?resize=800%2C337&amp;ssl=1 800w\" sizes=\"auto, (max-width: 991px) 100vw, 991px\" \/><\/div>\n\t\t<\/figure>\n\t<\/div>\n<\/div><\/div><\/div><\/div><\/div><\/div><\/div><\/div><\/div><\/div><div class=\"vc_row-full-width vc_clearfix\"><\/div>","protected":false},"excerpt":{"rendered":"Manyetik Filtre Nedir ?Manyetik Filtre Nas\u0131l \u00c7al\u0131\u015f\u0131r ?IronTrap Manyetik Filtre Nereye Kurulur ?Manyetik Filtre Nedir ? Manyetik Filtre Nedir ? Merkezi \u0131s\u0131tma radyat\u00f6rleri genellikle korozyona kar\u015f\u0131 olduk\u00e7a hassas olan karbon \u00e7eli\u011finden yap\u0131l\u0131r. Kurulumda \u00e7elik borular veya d\u00f6kme demir radyat\u00f6rler de bulunabilir. Merkezi \u0131s\u0131tma suyu sistemde dola\u015f\u0131rken i\u00e7inde manyetik bir karaktere sahip olan ve bu nedenle [...]","protected":false},"author":1,"featured_media":0,"parent":0,"menu_order":0,"comment_status":"closed","ping_status":"closed","template":"","meta":{"footnotes":""},"class_list":["post-9767","page","type-page","status-publish","hentry"],"jetpack_sharing_enabled":true,"_links":{"self":[{"href":"https:\/\/iron-trap.com\/en\/wp-json\/wp\/v2\/pages\/9767","targetHints":{"allow":["GET"]}}],"collection":[{"href":"https:\/\/iron-trap.com\/en\/wp-json\/wp\/v2\/pages"}],"about":[{"href":"https:\/\/iron-trap.com\/en\/wp-json\/wp\/v2\/types\/page"}],"author":[{"embeddable":true,"href":"https:\/\/iron-trap.com\/en\/wp-json\/wp\/v2\/users\/1"}],"replies":[{"embeddable":true,"href":"https:\/\/iron-trap.com\/en\/wp-json\/wp\/v2\/comments?post=9767"}],"version-history":[{"count":7,"href":"https:\/\/iron-trap.com\/en\/wp-json\/wp\/v2\/pages\/9767\/revisions"}],"predecessor-version":[{"id":9960,"href":"https:\/\/iron-trap.com\/en\/wp-json\/wp\/v2\/pages\/9767\/revisions\/9960"}],"wp:attachment":[{"href":"https:\/\/iron-trap.com\/en\/wp-json\/wp\/v2\/media?parent=9767"}],"curies":[{"name":"wp","href":"https:\/\/api.w.org\/{rel}","templated":true}]}}